{"id":4840,"date":"2021-09-06T10:04:46","date_gmt":"2021-09-06T08:04:46","guid":{"rendered":"https:\/\/demo.cmssuperheroes.com\/themeforest\/sekure\/?page_id=17"},"modified":"2024-08-08T21:30:11","modified_gmt":"2024-08-08T20:30:11","slug":"bozp","status":"publish","type":"page","link":"https:\/\/www.nereus.cz\/?page_id=4840","title":{"rendered":"BOZP a PO"},"content":{"rendered":"\t\t<div data-elementor-type=\"wp-page\" data-elementor-id=\"4840\" class=\"elementor elementor-4840\">\n\t\t\t\t\t\t<section class=\"elementor-section elementor-top-section elementor-element elementor-element-2796e34a elementor-reverse-tablet elementor-reverse-mobile elementor-section-boxed elementor-section-height-default elementor-section-height-default cms-section-no-padding-no cms-boxed-bg-false cms-section-boxed-divider-false cms-remove-row-no\" data-id=\"2796e34a\" data-element_type=\"section\" data-e-type=\"section\">\r\n\t\t\t<div class=\"cms-overlay-gradient\"><\/div><div class=\"cms-section-boxed-bg\"><\/div><div class=\"cms-section-boxed-divider\"><\/div><div class=\"cms-elementor-section-remove\"><\/div>\t\t\t<div class=\"elementor-container elementor-column-gap-default \" >\r\n\t\t\t        <div class=\"elementor-column elementor-col-100 elementor-top-column elementor-element elementor-element-290fc1c1 pl-xl-20\" data-id=\"290fc1c1\" data-element_type=\"column\" data-e-type=\"column\">\r\n            <div class=\"elementor-widget-wrap elementor-element-populated\">\r\n                \t\t<section class=\"elementor-section elementor-inner-section elementor-element elementor-element-038bed4 elementor-section-boxed elementor-section-height-default elementor-section-height-default cms-section-no-padding-no cms-boxed-bg-false cms-section-boxed-divider-false cms-remove-row-no\" data-id=\"038bed4\" data-element_type=\"section\" data-e-type=\"section\">\r\n\t\t\t<div class=\"cms-overlay-gradient\"><\/div><div class=\"cms-section-boxed-bg\"><\/div><div class=\"cms-section-boxed-divider\"><\/div><div class=\"cms-elementor-section-remove\"><\/div>\t\t\t<div class=\"elementor-container elementor-column-gap-default \" >\r\n\t\t\t        <div class=\"elementor-column elementor-col-100 elementor-inner-column elementor-element elementor-element-e00a4b5 cms-shadow-1 p-tb-30 p-lr-xl-30 cms-divider divider-bottom divider-primary\" data-id=\"e00a4b5\" data-element_type=\"column\" data-e-type=\"column\">\r\n            <div class=\"elementor-widget-wrap elementor-element-populated\">\r\n                \t\t<div class=\"elementor-element elementor-element-143fe39 elementor-widget elementor-widget-cms_heading\" data-id=\"143fe39\" data-element_type=\"widget\" data-e-type=\"widget\" data-widget_type=\"cms_heading.default\">\n\t\t\t\t<div class=\"elementor-widget-container\">\n\t\t\t\t\t<div class=\"cms-heading-wrapper cms-heading-layout-8 text-\">\r\n        <h2 class=\"cms-mainheading cms-heading text-24 text-lg-30 text-xl-40 font-700 mt-n5  text-161616 empty-none\">Compliance program firmy NEREUS, s.r.o.<\/h2>\r\n    <div class=\"extra-space clearfix\"> <\/div>\r\n    <div class=\"cms-desc text-17 mt-17  text-body empty-none\"><p>Firma NEREUS, s.r.o. zavedla v letech 2020 \u2013 2021  Compliance program, na jeho\u017e z\u00e1klad\u011b ve\u0159ejn\u011b deklaruje sv\u00e9 postoje, krit\u00e9ria spolupr\u00e1ce, standardy a postupy. Tento program je zejm\u00e9na tvo\u0159en Etick\u00fdm kodexem firmy NEREUS, s.r.o., Etick\u00fdm kodexem zam\u011bstnance firmy NEREUS, s.r.o. a nov\u011b i Kodexem chov\u00e1n\u00ed pro obchodn\u00ed partnery, jeho\u017e akceptace je vy\u017eadov\u00e1na u z\u00e1jemc\u016f o obchodn\u00ed spolupr\u00e1ci.<\/p>\n<p>Compliance program zakazuje jak\u00e9koliv neleg\u00e1ln\u00ed \u010di neetick\u00e9 jedn\u00e1n\u00ed a to, jak se s takov\u00fdmto jedn\u00e1n\u00edm bude spole\u010dnost vypo\u0159\u00e1d\u00e1vat.<\/p>\n<p>Dovolujeme si t\u00edmto deklarovat na\u0161i z\u00e1kladn\u00ed snahu a upozor\u0148ujeme, \u017ee je pro n\u00e1s nep\u0159ijateln\u00e9 tolerovat jakoukoliv formu trestn\u00e9 \u010dinnosti, jako\u017e i neetick\u00e9ho jedn\u00e1n\u00ed, popsan\u00e9ho v Etick\u00fdch kodexech.<\/p>\n<\/div>\r\n    <div class=\"extra-space clearfix\"> <\/div>\r\n    <div class=\"cms-heading-singnature row gutters-30 gutters-grid align-items-center pt-32\">\r\n            <\/div>\r\n    <\/div>\t\t\t\t<\/div>\n\t\t\t\t<\/div>\n\t\t\t\t<div class=\"elementor-element elementor-element-f3bc2b6 elementor-widget-divider--view-line elementor-widget elementor-widget-divider\" data-id=\"f3bc2b6\" data-element_type=\"widget\" data-e-type=\"widget\" data-widget_type=\"divider.default\">\n\t\t\t\t<div class=\"elementor-widget-container\">\n\t\t\t\t\t\t\t<div class=\"elementor-divider\">\n\t\t\t<span class=\"elementor-divider-separator\">\n\t\t\t\t\t\t<\/span>\n\t\t<\/div>\n\t\t\t\t\t\t<\/div>\n\t\t\t\t<\/div>\n\t\t\t\t<div class=\"elementor-element elementor-element-28f1598 elementor-widget elementor-widget-cms_heading\" data-id=\"28f1598\" data-element_type=\"widget\" data-e-type=\"widget\" data-widget_type=\"cms_heading.default\">\n\t\t\t\t<div class=\"elementor-widget-container\">\n\t\t\t\t\t<div class=\"cms-heading-wrapper cms-heading-layout-8 text-\">\r\n        <h2 class=\"cms-mainheading cms-heading text-24 text-lg-30 text-xl-40 font-700 mt-n5  text-heading empty-none\">Whistleblowing \u2013 ochrana oznamovatel\u016f a Ochrana oznamovatel\u016f \u2013 zam\u011bstnanc\u016f<\/h2>\r\n    <div class=\"extra-space clearfix\"> <\/div>\r\n    <div class=\"cms-desc text-17 mt-17  text-body empty-none\"><p>NEREUS, s.r.o. zavedla vnit\u0159n\u00ed oznamovac\u00ed syst\u00e9m pro oznamov\u00e1n\u00ed neetick\u00e9ho, pr\u00e1vn\u011b z\u00e1vadn\u00e9ho a protipr\u00e1vn\u00edho jedn\u00e1n\u00ed. P\u0159\u00ednosem je posiln\u011bn\u00ed ochrany oznamovatele, kter\u00fd nesm\u00ed b\u00fdt vystaven odvetn\u00fdm opat\u0159en\u00edm.<\/p>\n<\/div>\r\n    <div class=\"extra-space clearfix\"> <\/div>\r\n    <div class=\"cms-heading-singnature row gutters-30 gutters-grid align-items-center pt-32\">\r\n            <\/div>\r\n    <\/div>\t\t\t\t<\/div>\n\t\t\t\t<\/div>\n\t\t\t\t<div class=\"elementor-element elementor-element-9f81e4b elementor-widget-divider--view-line elementor-widget elementor-widget-divider\" data-id=\"9f81e4b\" data-element_type=\"widget\" data-e-type=\"widget\" data-widget_type=\"divider.default\">\n\t\t\t\t<div class=\"elementor-widget-container\">\n\t\t\t\t\t\t\t<div class=\"elementor-divider\">\n\t\t\t<span class=\"elementor-divider-separator\">\n\t\t\t\t\t\t<\/span>\n\t\t<\/div>\n\t\t\t\t\t\t<\/div>\n\t\t\t\t<\/div>\n\t\t\t\t<div class=\"elementor-element elementor-element-01ab1b8 elementor-widget elementor-widget-cms_heading\" data-id=\"01ab1b8\" data-element_type=\"widget\" data-e-type=\"widget\" data-widget_type=\"cms_heading.default\">\n\t\t\t\t<div class=\"elementor-widget-container\">\n\t\t\t\t\t<div class=\"cms-heading-wrapper cms-heading-layout-8 text-\">\r\n        <h2 class=\"cms-mainheading cms-heading text-24 text-lg-30 text-xl-40 font-700 mt-n5  text-heading empty-none\">BOZP a PO<\/h2>\r\n    <div class=\"extra-space clearfix\"> <\/div>\r\n    <div class=\"cms-desc text-17 mt-17  text-body empty-none\"><p>Spole\u010dnost se pravideln\u011b vypo\u0159\u00e1d\u00e1v\u00e1 se sv\u00fdmi povinnostmi na \u00faseku bezpe\u010dnosti a ochrany zdrav\u00ed p\u0159i pr\u00e1ci a s problematikou po\u017e\u00e1rn\u00ed ochrany. Sou\u010d\u00e1st\u00ed pln\u011bn\u00ed t\u011bchto povinnost\u00ed je i povinnost informovat sv\u00e9 obchodn\u00ed partnery o rizic\u00edch, souvisej\u00edc\u00edch s \u010dinnost\u00ed na\u0161\u00ed spole\u010dnosti.<\/p>\n<\/div>\r\n    <div class=\"extra-space clearfix\"> <\/div>\r\n    <div class=\"cms-heading-singnature row gutters-30 gutters-grid align-items-center pt-32\">\r\n            <\/div>\r\n    <\/div>\t\t\t\t<\/div>\n\t\t\t\t<\/div>\n\t\t\t\t<div class=\"elementor-element elementor-element-978d5eb elementor-widget-divider--view-line elementor-widget elementor-widget-divider\" data-id=\"978d5eb\" data-element_type=\"widget\" data-e-type=\"widget\" data-widget_type=\"divider.default\">\n\t\t\t\t<div class=\"elementor-widget-container\">\n\t\t\t\t\t\t\t<div class=\"elementor-divider\">\n\t\t\t<span class=\"elementor-divider-separator\">\n\t\t\t\t\t\t<\/span>\n\t\t<\/div>\n\t\t\t\t\t\t<\/div>\n\t\t\t\t<\/div>\n\t\t\t\t<div class=\"elementor-element elementor-element-ad2a7d9 elementor-widget elementor-widget-cms_socials_share\" data-id=\"ad2a7d9\" data-element_type=\"widget\" data-e-type=\"widget\" data-widget_type=\"cms_socials_share.default\">\n\t\t\t\t<div class=\"elementor-widget-container\">\n\t\t\t\t\t<div class=\"cms-socials-share-wrap cms-socials-share-layout-1\">\n\t            <div class=\"cms-post-share row align-items-center social-bg-colored\">\r\n                                <div class=\"col cms-social\">\r\n                    <div class=\"row gutters-grid gutters-40 justify-content-center row-cols-md-3\">\r\n                                                                                                <\/div>\r\n                <\/div>\r\n            <\/div>\r\n            <\/div>\t\t\t\t<\/div>\n\t\t\t\t<\/div>\n\t\t            <\/div>\r\n        <\/div>\r\n        \t\t\t<\/div>\r\n\t\t<\/section>\r\n\t\t            <\/div>\r\n        <\/div>\r\n        \t\t\t<\/div>\r\n\t\t<\/section>\r\n\t\t\t\t<\/div>\n\t\t","protected":false},"excerpt":{"rendered":"<p>Compliance program firmy NEREUS, s.r.o. Firma NEREUS, s.r.o. zavedla v letech 2020 \u2013 2021 Compliance program, na jeho\u017e z\u00e1klad\u011b ve\u0159ejn\u011b deklaruje sv\u00e9 postoje, krit\u00e9ria spolupr\u00e1ce, standardy a postupy. Tento program je zejm\u00e9na tvo\u0159en Etick\u00fdm kodexem firmy NEREUS, s.r.o., Etick\u00fdm kodexem zam\u011bstnance firmy NEREUS, s.r.o. a nov\u011b i Kodexem chov\u00e1n\u00ed pro obchodn\u00ed partnery, jeho\u017e akceptace je [&hellip;]<\/p>\n","protected":false},"author":1,"featured_media":0,"parent":0,"menu_order":999,"comment_status":"closed","ping_status":"closed","template":"","meta":{"footnotes":""},"class_list":["post-4840","page","type-page","status-publish","hentry","cms-no-post-thumbnail"],"_links":{"self":[{"href":"https:\/\/www.nereus.cz\/index.php?rest_route=\/wp\/v2\/pages\/4840","targetHints":{"allow":["GET"]}}],"collection":[{"href":"https:\/\/www.nereus.cz\/index.php?rest_route=\/wp\/v2\/pages"}],"about":[{"href":"https:\/\/www.nereus.cz\/index.php?rest_route=\/wp\/v2\/types\/page"}],"author":[{"embeddable":true,"href":"https:\/\/www.nereus.cz\/index.php?rest_route=\/wp\/v2\/users\/1"}],"replies":[{"embeddable":true,"href":"https:\/\/www.nereus.cz\/index.php?rest_route=%2Fwp%2Fv2%2Fcomments&post=4840"}],"version-history":[{"count":21,"href":"https:\/\/www.nereus.cz\/index.php?rest_route=\/wp\/v2\/pages\/4840\/revisions"}],"predecessor-version":[{"id":5115,"href":"https:\/\/www.nereus.cz\/index.php?rest_route=\/wp\/v2\/pages\/4840\/revisions\/5115"}],"wp:attachment":[{"href":"https:\/\/www.nereus.cz\/index.php?rest_route=%2Fwp%2Fv2%2Fmedia&parent=4840"}],"curies":[{"name":"wp","href":"https:\/\/api.w.org\/{rel}","templated":true}]}}